{"id":1581,"date":"2025-05-05T01:46:16","date_gmt":"2025-05-05T01:46:16","guid":{"rendered":"https:\/\/eyeseavn.com\/services\/"},"modified":"2025-11-18T15:16:01","modified_gmt":"2025-11-18T15:16:01","slug":"services","status":"publish","type":"page","link":"https:\/\/eyeseavn.com\/en\/services\/","title":{"rendered":"Services"},"content":{"rendered":"\t\t<div data-elementor-type=\"wp-page\" data-elementor-id=\"1581\" class=\"elementor elementor-1581 elementor-822\" data-elementor-post-type=\"page\">\n\t\t\t\t\t\t<section class=\"wd-negative-gap elementor-section elementor-top-section elementor-element elementor-element-40476c5 elementor-section-boxed elementor-section-height-default elementor-section-height-default\" data-id=\"40476c5\" data-element_type=\"section\">\n\t\t\t\t\t\t<div class=\"elementor-container elementor-column-gap-default\">\n\t\t\t\t\t<div class=\"elementor-column elementor-col-100 elementor-top-column elementor-element elementor-element-d33f729\" data-id=\"d33f729\" data-element_type=\"column\">\n\t\t\t<div class=\"elementor-widget-wrap elementor-element-populated\">\n\t\t\t\t\t\t<div class=\"elementor-element elementor-element-7d3fe01 elementor-widget elementor-widget-ucaddon_ue_listing_grid\" data-id=\"7d3fe01\" data-element_type=\"widget\" data-widget_type=\"ucaddon_ue_listing_grid.default\">\n\t\t\t\t<div class=\"elementor-widget-container\">\n\t\t\t\t\t\n<!-- start Loop Grid -->\n<style>\/* widget: Loop Grid *\/\n\n\n\n#uc_ue_listing_grid_elementor_7d3fe01 {\n\t\n  \t      display: grid;\n    \n}\n\n#uc_ue_listing_grid_elementor_7d3fe01 .ue-grid-item{\n\tbox-sizing: border-box;\n    overflow:hidden;\n\t\n\n  \n}\n\n\n\n<\/style>\n\n<div class=\"ue-grid uc-items-wrapper uc-dynamic-popup-grid\" id=\"uc_ue_listing_grid_elementor_7d3fe01\"   data-template-id=\"649\">\n  <div class=\"ue-grid-item\" data-link=\"https:\/\/eyeseavn.com\/en\/remote-signaling-software-via-satellite-ais-gsm\/\" data-postid=\"1637\">\n  \t\t<div data-elementor-type=\"single-post\" data-elementor-id=\"649\" class=\"elementor elementor-649 uc-post-1637\" data-elementor-post-type=\"elementor_library\">\n\t\t\t\t\t<section class=\"wd-negative-gap elementor-section elementor-top-section elementor-element elementor-element-7521d52 elementor-section-boxed elementor-section-height-default elementor-section-height-default\" data-id=\"7521d52\" data-element_type=\"section\">\n\t\t\t\t\t\t<div class=\"elementor-container elementor-column-gap-no\">\n\t\t\t\t\t<div class=\"elementor-column elementor-col-100 elementor-top-column elementor-element elementor-element-d6959dd\" data-id=\"d6959dd\" data-element_type=\"column\">\n\t\t\t<div class=\"elementor-widget-wrap elementor-element-populated\">\n\t\t\t\t\t\t<div class=\"elementor-element elementor-element-26f5d7d elementor-widget elementor-widget-image\" data-id=\"26f5d7d\" data-element_type=\"widget\" data-widget_type=\"image.default\">\n\t\t\t\t<div class=\"elementor-widget-container\">\n\t\t\t\t\t\t\t\t\t\t\t\t\t\t\t\t<a href=\"https:\/\/eyeseavn.com\/en\/remote-signaling-software-via-satellite-ais-gsm\/\">\n\t\t\t\t\t\t\t<img loading=\"lazy\" decoding=\"async\" width=\"843\" height=\"282\" src=\"https:\/\/eyeseavn.com\/wp-content\/uploads\/2024\/12\/ve-tinh.jpg\" class=\"attachment-full size-full wp-image-1440\" alt=\"\" srcset=\"https:\/\/eyeseavn.com\/wp-content\/uploads\/2024\/12\/ve-tinh.jpg 843w, https:\/\/eyeseavn.com\/wp-content\/uploads\/2024\/12\/ve-tinh-300x100.jpg 300w, https:\/\/eyeseavn.com\/wp-content\/uploads\/2024\/12\/ve-tinh-768x257.jpg 768w\" sizes=\"(max-width: 843px) 100vw, 843px\" \/>\t\t\t\t\t\t\t\t<\/a>\n\t\t\t\t\t\t\t\t\t\t\t\t\t\t\t<\/div>\n\t\t\t\t<\/div>\n\t\t\t\t<div class=\"elementor-element elementor-element-747602f elementor-widget elementor-widget-heading\" data-id=\"747602f\" data-element_type=\"widget\" data-widget_type=\"heading.default\">\n\t\t\t\t<div class=\"elementor-widget-container\">\n\t\t\t\t\t<h2 class=\"elementor-heading-title elementor-size-default\"><a href=\"https:\/\/eyeseavn.com\/en\/remote-signaling-software-via-satellite-ais-gsm\/\">Remote signaling software via satellite, AIS, GSM<\/a><\/h2>\t\t\t\t<\/div>\n\t\t\t\t<\/div>\n\t\t\t\t<div class=\"elementor-element elementor-element-9d2a3de elementor-widget elementor-widget-button\" data-id=\"9d2a3de\" data-element_type=\"widget\" data-widget_type=\"button.default\">\n\t\t\t\t<div class=\"elementor-widget-container\">\n\t\t\t\t\t\t\t\t\t<div class=\"elementor-button-wrapper\">\n\t\t\t\t\t<a class=\"elementor-button elementor-button-link elementor-size-sm\" href=\"https:\/\/eyeseavn.com\/en\/remote-signaling-software-via-satellite-ais-gsm\/\">\n\t\t\t\t\t\t<span class=\"elementor-button-content-wrapper\">\n\t\t\t\t\t\t\t\t\t<span class=\"elementor-button-text\">Xem th\u00eam<\/span>\n\t\t\t\t\t<\/span>\n\t\t\t\t\t<\/a>\n\t\t\t\t<\/div>\n\t\t\t\t\t\t\t\t<\/div>\n\t\t\t\t<\/div>\n\t\t\t\t\t<\/div>\n\t\t<\/div>\n\t\t\t\t\t<\/div>\n\t\t<\/section>\n\t\t\t\t<\/div>\n\t\t\n<\/div>\n<div class=\"ue-grid-item\" data-link=\"https:\/\/eyeseavn.com\/en\/data-infrastructure-management-software\/\" data-postid=\"1641\">\n  \t\t<div data-elementor-type=\"single-post\" data-elementor-id=\"649\" class=\"elementor elementor-649 uc-post-1641\" data-elementor-post-type=\"elementor_library\">\n\t\t\t\t\t<section class=\"wd-negative-gap elementor-section elementor-top-section elementor-element elementor-element-7521d52 elementor-section-boxed elementor-section-height-default elementor-section-height-default\" data-id=\"7521d52\" data-element_type=\"section\">\n\t\t\t\t\t\t<div class=\"elementor-container elementor-column-gap-no\">\n\t\t\t\t\t<div class=\"elementor-column elementor-col-100 elementor-top-column elementor-element elementor-element-d6959dd\" data-id=\"d6959dd\" data-element_type=\"column\">\n\t\t\t<div class=\"elementor-widget-wrap elementor-element-populated\">\n\t\t\t\t\t\t<div class=\"elementor-element elementor-element-26f5d7d elementor-widget elementor-widget-image\" data-id=\"26f5d7d\" data-element_type=\"widget\" data-widget_type=\"image.default\">\n\t\t\t\t<div class=\"elementor-widget-container\">\n\t\t\t\t\t\t\t\t\t\t\t\t\t\t\t\t<a href=\"https:\/\/eyeseavn.com\/en\/data-infrastructure-management-software\/\">\n\t\t\t\t\t\t\t<img loading=\"lazy\" decoding=\"async\" width=\"843\" height=\"282\" src=\"https:\/\/eyeseavn.com\/wp-content\/uploads\/2024\/12\/dich-vu2.jpg\" class=\"attachment-full size-full wp-image-1441\" alt=\"\" srcset=\"https:\/\/eyeseavn.com\/wp-content\/uploads\/2024\/12\/dich-vu2.jpg 843w, https:\/\/eyeseavn.com\/wp-content\/uploads\/2024\/12\/dich-vu2-300x100.jpg 300w, https:\/\/eyeseavn.com\/wp-content\/uploads\/2024\/12\/dich-vu2-768x257.jpg 768w\" sizes=\"(max-width: 843px) 100vw, 843px\" \/>\t\t\t\t\t\t\t\t<\/a>\n\t\t\t\t\t\t\t\t\t\t\t\t\t\t\t<\/div>\n\t\t\t\t<\/div>\n\t\t\t\t<div class=\"elementor-element elementor-element-747602f elementor-widget elementor-widget-heading\" data-id=\"747602f\" data-element_type=\"widget\" data-widget_type=\"heading.default\">\n\t\t\t\t<div class=\"elementor-widget-container\">\n\t\t\t\t\t<h2 class=\"elementor-heading-title elementor-size-default\"><a href=\"https:\/\/eyeseavn.com\/en\/data-infrastructure-management-software\/\">Data infrastructure management software<\/a><\/h2>\t\t\t\t<\/div>\n\t\t\t\t<\/div>\n\t\t\t\t<div class=\"elementor-element elementor-element-9d2a3de elementor-widget elementor-widget-button\" data-id=\"9d2a3de\" data-element_type=\"widget\" data-widget_type=\"button.default\">\n\t\t\t\t<div class=\"elementor-widget-container\">\n\t\t\t\t\t\t\t\t\t<div class=\"elementor-button-wrapper\">\n\t\t\t\t\t<a class=\"elementor-button elementor-button-link elementor-size-sm\" href=\"https:\/\/eyeseavn.com\/en\/data-infrastructure-management-software\/\">\n\t\t\t\t\t\t<span class=\"elementor-button-content-wrapper\">\n\t\t\t\t\t\t\t\t\t<span class=\"elementor-button-text\">Xem th\u00eam<\/span>\n\t\t\t\t\t<\/span>\n\t\t\t\t\t<\/a>\n\t\t\t\t<\/div>\n\t\t\t\t\t\t\t\t<\/div>\n\t\t\t\t<\/div>\n\t\t\t\t\t<\/div>\n\t\t<\/div>\n\t\t\t\t\t<\/div>\n\t\t<\/section>\n\t\t\t\t<\/div>\n\t\t\n<\/div>\n<div class=\"ue-grid-item\" data-link=\"https:\/\/eyeseavn.com\/en\/provision-of-maritime-signaling-devices\/\" data-postid=\"1653\">\n  \t\t<div data-elementor-type=\"single-post\" data-elementor-id=\"649\" class=\"elementor elementor-649 uc-post-1653\" data-elementor-post-type=\"elementor_library\">\n\t\t\t\t\t<section class=\"wd-negative-gap elementor-section elementor-top-section elementor-element elementor-element-7521d52 elementor-section-boxed elementor-section-height-default elementor-section-height-default\" data-id=\"7521d52\" data-element_type=\"section\">\n\t\t\t\t\t\t<div class=\"elementor-container elementor-column-gap-no\">\n\t\t\t\t\t<div class=\"elementor-column elementor-col-100 elementor-top-column elementor-element elementor-element-d6959dd\" data-id=\"d6959dd\" data-element_type=\"column\">\n\t\t\t<div class=\"elementor-widget-wrap elementor-element-populated\">\n\t\t\t\t\t\t<div class=\"elementor-element elementor-element-26f5d7d elementor-widget elementor-widget-image\" data-id=\"26f5d7d\" data-element_type=\"widget\" data-widget_type=\"image.default\">\n\t\t\t\t<div class=\"elementor-widget-container\">\n\t\t\t\t\t\t\t\t\t\t\t\t\t\t\t\t<a href=\"https:\/\/eyeseavn.com\/en\/provision-of-maritime-signaling-devices\/\">\n\t\t\t\t\t\t\t<img loading=\"lazy\" decoding=\"async\" width=\"843\" height=\"282\" src=\"https:\/\/eyeseavn.com\/wp-content\/uploads\/2024\/12\/dich-vu-bao-hieu.jpg\" class=\"attachment-full size-full wp-image-1442\" alt=\"\" srcset=\"https:\/\/eyeseavn.com\/wp-content\/uploads\/2024\/12\/dich-vu-bao-hieu.jpg 843w, https:\/\/eyeseavn.com\/wp-content\/uploads\/2024\/12\/dich-vu-bao-hieu-300x100.jpg 300w, https:\/\/eyeseavn.com\/wp-content\/uploads\/2024\/12\/dich-vu-bao-hieu-768x257.jpg 768w\" sizes=\"(max-width: 843px) 100vw, 843px\" \/>\t\t\t\t\t\t\t\t<\/a>\n\t\t\t\t\t\t\t\t\t\t\t\t\t\t\t<\/div>\n\t\t\t\t<\/div>\n\t\t\t\t<div class=\"elementor-element elementor-element-747602f elementor-widget elementor-widget-heading\" data-id=\"747602f\" data-element_type=\"widget\" data-widget_type=\"heading.default\">\n\t\t\t\t<div class=\"elementor-widget-container\">\n\t\t\t\t\t<h2 class=\"elementor-heading-title elementor-size-default\"><a href=\"https:\/\/eyeseavn.com\/en\/provision-of-maritime-signaling-devices\/\">Provision of maritime signaling devices<\/a><\/h2>\t\t\t\t<\/div>\n\t\t\t\t<\/div>\n\t\t\t\t<div class=\"elementor-element elementor-element-9d2a3de elementor-widget elementor-widget-button\" data-id=\"9d2a3de\" data-element_type=\"widget\" data-widget_type=\"button.default\">\n\t\t\t\t<div class=\"elementor-widget-container\">\n\t\t\t\t\t\t\t\t\t<div class=\"elementor-button-wrapper\">\n\t\t\t\t\t<a class=\"elementor-button elementor-button-link elementor-size-sm\" href=\"https:\/\/eyeseavn.com\/en\/provision-of-maritime-signaling-devices\/\">\n\t\t\t\t\t\t<span class=\"elementor-button-content-wrapper\">\n\t\t\t\t\t\t\t\t\t<span class=\"elementor-button-text\">Xem th\u00eam<\/span>\n\t\t\t\t\t<\/span>\n\t\t\t\t\t<\/a>\n\t\t\t\t<\/div>\n\t\t\t\t\t\t\t\t<\/div>\n\t\t\t\t<\/div>\n\t\t\t\t\t<\/div>\n\t\t<\/div>\n\t\t\t\t\t<\/div>\n\t\t<\/section>\n\t\t\t\t<\/div>\n\t\t\n<\/div>\n<div class=\"ue-grid-item\" data-link=\"https:\/\/eyeseavn.com\/en\/software-to-support-vessel-scheduling-into-ports\/\" data-postid=\"1657\">\n  \t\t<div data-elementor-type=\"single-post\" data-elementor-id=\"649\" class=\"elementor elementor-649 uc-post-1657\" data-elementor-post-type=\"elementor_library\">\n\t\t\t\t\t<section class=\"wd-negative-gap elementor-section elementor-top-section elementor-element elementor-element-7521d52 elementor-section-boxed elementor-section-height-default elementor-section-height-default\" data-id=\"7521d52\" data-element_type=\"section\">\n\t\t\t\t\t\t<div class=\"elementor-container elementor-column-gap-no\">\n\t\t\t\t\t<div class=\"elementor-column elementor-col-100 elementor-top-column elementor-element elementor-element-d6959dd\" data-id=\"d6959dd\" data-element_type=\"column\">\n\t\t\t<div class=\"elementor-widget-wrap elementor-element-populated\">\n\t\t\t\t\t\t<div class=\"elementor-element elementor-element-26f5d7d elementor-widget elementor-widget-image\" data-id=\"26f5d7d\" data-element_type=\"widget\" data-widget_type=\"image.default\">\n\t\t\t\t<div class=\"elementor-widget-container\">\n\t\t\t\t\t\t\t\t\t\t\t\t\t\t\t\t<a href=\"https:\/\/eyeseavn.com\/en\/software-to-support-vessel-scheduling-into-ports\/\">\n\t\t\t\t\t\t\t<img loading=\"lazy\" decoding=\"async\" width=\"843\" height=\"282\" src=\"https:\/\/eyeseavn.com\/wp-content\/uploads\/2024\/12\/tau-cap-cangggg.jpg\" class=\"attachment-full size-full wp-image-1443\" alt=\"\" srcset=\"https:\/\/eyeseavn.com\/wp-content\/uploads\/2024\/12\/tau-cap-cangggg.jpg 843w, https:\/\/eyeseavn.com\/wp-content\/uploads\/2024\/12\/tau-cap-cangggg-300x100.jpg 300w, https:\/\/eyeseavn.com\/wp-content\/uploads\/2024\/12\/tau-cap-cangggg-768x257.jpg 768w\" sizes=\"(max-width: 843px) 100vw, 843px\" \/>\t\t\t\t\t\t\t\t<\/a>\n\t\t\t\t\t\t\t\t\t\t\t\t\t\t\t<\/div>\n\t\t\t\t<\/div>\n\t\t\t\t<div class=\"elementor-element elementor-element-747602f elementor-widget elementor-widget-heading\" data-id=\"747602f\" data-element_type=\"widget\" data-widget_type=\"heading.default\">\n\t\t\t\t<div class=\"elementor-widget-container\">\n\t\t\t\t\t<h2 class=\"elementor-heading-title elementor-size-default\"><a href=\"https:\/\/eyeseavn.com\/en\/software-to-support-vessel-scheduling-into-ports\/\">Software to support vessel scheduling into ports<\/a><\/h2>\t\t\t\t<\/div>\n\t\t\t\t<\/div>\n\t\t\t\t<div class=\"elementor-element elementor-element-9d2a3de elementor-widget elementor-widget-button\" data-id=\"9d2a3de\" data-element_type=\"widget\" data-widget_type=\"button.default\">\n\t\t\t\t<div class=\"elementor-widget-container\">\n\t\t\t\t\t\t\t\t\t<div class=\"elementor-button-wrapper\">\n\t\t\t\t\t<a class=\"elementor-button elementor-button-link elementor-size-sm\" href=\"https:\/\/eyeseavn.com\/en\/software-to-support-vessel-scheduling-into-ports\/\">\n\t\t\t\t\t\t<span class=\"elementor-button-content-wrapper\">\n\t\t\t\t\t\t\t\t\t<span class=\"elementor-button-text\">Xem th\u00eam<\/span>\n\t\t\t\t\t<\/span>\n\t\t\t\t\t<\/a>\n\t\t\t\t<\/div>\n\t\t\t\t\t\t\t\t<\/div>\n\t\t\t\t<\/div>\n\t\t\t\t\t<\/div>\n\t\t<\/div>\n\t\t\t\t\t<\/div>\n\t\t<\/section>\n\t\t\t\t<\/div>\n\t\t\n<\/div>\n<div class=\"ue-grid-item\" data-link=\"https:\/\/eyeseavn.com\/en\/maintenance-and-servicing-of-maritime-navigation-signaling-systems\/\" data-postid=\"1664\">\n  \t\t<div data-elementor-type=\"single-post\" data-elementor-id=\"649\" class=\"elementor elementor-649 uc-post-1664\" data-elementor-post-type=\"elementor_library\">\n\t\t\t\t\t<section class=\"wd-negative-gap elementor-section elementor-top-section elementor-element elementor-element-7521d52 elementor-section-boxed elementor-section-height-default elementor-section-height-default\" data-id=\"7521d52\" data-element_type=\"section\">\n\t\t\t\t\t\t<div class=\"elementor-container elementor-column-gap-no\">\n\t\t\t\t\t<div class=\"elementor-column elementor-col-100 elementor-top-column elementor-element elementor-element-d6959dd\" data-id=\"d6959dd\" data-element_type=\"column\">\n\t\t\t<div class=\"elementor-widget-wrap elementor-element-populated\">\n\t\t\t\t\t\t<div class=\"elementor-element elementor-element-26f5d7d elementor-widget elementor-widget-image\" data-id=\"26f5d7d\" data-element_type=\"widget\" data-widget_type=\"image.default\">\n\t\t\t\t<div class=\"elementor-widget-container\">\n\t\t\t\t\t\t\t\t\t\t\t\t\t\t\t\t<a href=\"https:\/\/eyeseavn.com\/en\/maintenance-and-servicing-of-maritime-navigation-signaling-systems\/\">\n\t\t\t\t\t\t\t<img loading=\"lazy\" decoding=\"async\" width=\"843\" height=\"282\" src=\"https:\/\/eyeseavn.com\/wp-content\/uploads\/2024\/12\/bao-tri-bao-duong-bao-hieu-hang-hai.jpg\" class=\"attachment-full size-full wp-image-1445\" alt=\"\" srcset=\"https:\/\/eyeseavn.com\/wp-content\/uploads\/2024\/12\/bao-tri-bao-duong-bao-hieu-hang-hai.jpg 843w, https:\/\/eyeseavn.com\/wp-content\/uploads\/2024\/12\/bao-tri-bao-duong-bao-hieu-hang-hai-300x100.jpg 300w, https:\/\/eyeseavn.com\/wp-content\/uploads\/2024\/12\/bao-tri-bao-duong-bao-hieu-hang-hai-768x257.jpg 768w\" sizes=\"(max-width: 843px) 100vw, 843px\" \/>\t\t\t\t\t\t\t\t<\/a>\n\t\t\t\t\t\t\t\t\t\t\t\t\t\t\t<\/div>\n\t\t\t\t<\/div>\n\t\t\t\t<div class=\"elementor-element elementor-element-747602f elementor-widget elementor-widget-heading\" data-id=\"747602f\" data-element_type=\"widget\" data-widget_type=\"heading.default\">\n\t\t\t\t<div class=\"elementor-widget-container\">\n\t\t\t\t\t<h2 class=\"elementor-heading-title elementor-size-default\"><a href=\"https:\/\/eyeseavn.com\/en\/maintenance-and-servicing-of-maritime-navigation-signaling-systems\/\">Maintenance and servicing of maritime navigation signaling systems<\/a><\/h2>\t\t\t\t<\/div>\n\t\t\t\t<\/div>\n\t\t\t\t<div class=\"elementor-element elementor-element-9d2a3de elementor-widget elementor-widget-button\" data-id=\"9d2a3de\" data-element_type=\"widget\" data-widget_type=\"button.default\">\n\t\t\t\t<div class=\"elementor-widget-container\">\n\t\t\t\t\t\t\t\t\t<div class=\"elementor-button-wrapper\">\n\t\t\t\t\t<a class=\"elementor-button elementor-button-link elementor-size-sm\" href=\"https:\/\/eyeseavn.com\/en\/maintenance-and-servicing-of-maritime-navigation-signaling-systems\/\">\n\t\t\t\t\t\t<span class=\"elementor-button-content-wrapper\">\n\t\t\t\t\t\t\t\t\t<span class=\"elementor-button-text\">Xem th\u00eam<\/span>\n\t\t\t\t\t<\/span>\n\t\t\t\t\t<\/a>\n\t\t\t\t<\/div>\n\t\t\t\t\t\t\t\t<\/div>\n\t\t\t\t<\/div>\n\t\t\t\t\t<\/div>\n\t\t<\/div>\n\t\t\t\t\t<\/div>\n\t\t<\/section>\n\t\t\t\t<\/div>\n\t\t\n<\/div>\n\n<\/div>\n\n\n\t    \t<div id=\"uc_ue_listing_grid_elementor_7d3fe01_empty_message\" class=\"ue-no-posts-found\"  style=\"display:none\" >No posts found<\/div>\n\t\n\n<!-- end Loop Grid -->\t\t\t\t<\/div>\n\t\t\t\t<\/div>\n\t\t\t\t\t<\/div>\n\t\t<\/div>\n\t\t\t\t\t<\/div>\n\t\t<\/section>\n\t\t\t\t<\/div>\n\t\t","protected":false},"excerpt":{"rendered":"<p>Xem th\u00eam Xem th\u00eam Xem th\u00eam Xem th\u00eam Xem th\u00eam Xem th\u00eam No posts found<\/p>\n","protected":false},"author":1,"featured_media":0,"parent":0,"menu_order":0,"comment_status":"closed","ping_status":"closed","template":"","meta":{"_acf_changed":false,"footnotes":""},"class_list":["post-1581","page","type-page","status-publish","hentry"],"acf":[],"_links":{"self":[{"href":"https:\/\/eyeseavn.com\/en\/wp-json\/wp\/v2\/pages\/1581","targetHints":{"allow":["GET"]}}],"collection":[{"href":"https:\/\/eyeseavn.com\/en\/wp-json\/wp\/v2\/pages"}],"about":[{"href":"https:\/\/eyeseavn.com\/en\/wp-json\/wp\/v2\/types\/page"}],"author":[{"embeddable":true,"href":"https:\/\/eyeseavn.com\/en\/wp-json\/wp\/v2\/users\/1"}],"replies":[{"embeddable":true,"href":"https:\/\/eyeseavn.com\/en\/wp-json\/wp\/v2\/comments?post=1581"}],"version-history":[{"count":1,"href":"https:\/\/eyeseavn.com\/en\/wp-json\/wp\/v2\/pages\/1581\/revisions"}],"predecessor-version":[{"id":1582,"href":"https:\/\/eyeseavn.com\/en\/wp-json\/wp\/v2\/pages\/1581\/revisions\/1582"}],"wp:attachment":[{"href":"https:\/\/eyeseavn.com\/en\/wp-json\/wp\/v2\/media?parent=1581"}],"curies":[{"name":"wp","href":"https:\/\/api.w.org\/{rel}","templated":true}]}}